{"id":78,"date":"2018-06-29T18:45:03","date_gmt":"2018-06-29T16:45:03","guid":{"rendered":"http:\/\/apcbriere.fr\/?page_id=78"},"modified":"2025-10-14T10:52:56","modified_gmt":"2025-10-14T08:52:56","slug":"adhesion","status":"publish","type":"page","link":"https:\/\/apcbriere.fr\/index.php\/adhesion\/","title":{"rendered":"Adh\u00e9sion"},"content":{"rendered":"<h1 style=\"text-align: center;\"><span style=\"color: #003366;\"><strong>REJOIGNEZ-NOUS !<\/strong><\/span><\/h1>\n<p style=\"text-align: center;\"><strong> De nouvelles avanc\u00e9es dans la connaissance des causes de la d\u00e9gradation du chaume de nos toitures !<\/strong><\/p>\n<p style=\"text-align: left;\">Madame, Monsieur,<\/p>\n<p>Vous le savez peut-\u00eatre, ce chaume qui fait la beaut\u00e9 et l\u2019attractivit\u00e9 de notre r\u00e9gion est aujourd\u2019hui menac\u00e9. Les causes de cette d\u00e9gradation pr\u00e9matur\u00e9e sont maintenant \u00e9claircies : un chaume de mauvaise qualit\u00e9 qui attire et retient l\u2019humidit\u00e9.<\/p>\n<p>De ce fait, il est attaqu\u00e9 par des champignons et des cyanobact\u00e9ries qui s\u2019y installent et r\u00e9duisent sa dur\u00e9e de vie.<\/p>\n<p>Des d\u00e9placements en Hollande, en Camargue, des analyses, la traduction et l\u2019\u00e9tude d\u2019un livre intitul\u00e9 \u00ab la qualit\u00e9 du roseau \u00bb ont permis de pr\u00e9ciser les caract\u00e9ristiques d\u2019un chaume de bonne qualit\u00e9 :<\/p>\n<ul>\n<li>Salinit\u00e9 inf\u00e9rieure \u00e0 0,1g\/100g mat. s\u00e8che<\/li>\n<li>Diam\u00e8tre sup\u00e9rieur \u00e0 3mm<\/li>\n<li>Roseau coup\u00e9 bas (lignine importante)<\/li>\n<li>Roseau de haute taille.<\/li>\n<\/ul>\n<p>L\u2019association APCBri\u00e8re cr\u00e9\u00e9e fin 2017, regroupe actuellement 300 adh\u00e9rents.<br \/>\nA ce jour, les objectifs de cette association sont triples :<\/p>\n<p>&#8211; Interpeller les acteurs de la fili\u00e8re chaume dans le but d\u2019appliquer ces crit\u00e8res de qualit\u00e9 et trouver des solutions techniques pour combattre le ph\u00e9nom\u00e8ne quand il est enclench\u00e9.<\/p>\n<p>&#8211; Aider les propri\u00e9taires, confront\u00e9s \u00e0 l\u2019apparition de ces d\u00e9gradations, \u00e0 traiter les dossiers financiers, juridiques et techniques (Garanties d\u00e9cennales, vice cach\u00e9\u2026).<\/p>\n<p>&#8211; Informer les propri\u00e9taires des aides auxquelles ils peuvent pr\u00e9tendre , Anah, MaPrimeRenov, la Car\u00e8ne et Cap Atlantique.<\/p>\n<p>Il est important que nous soyons le plus nombreux possible afin d\u2019avoir le maximum de poids dans nos discussions avec les divers interlocuteurs : PnrB, Car\u00e8ne, Cap Atlantique\u2026<\/p>\n<p>Si vous partagez notre point de vue, nous vous proposons de nous rejoindre en adh\u00e9rant \u00e0 notre association.<\/p>\n<ul>\n<li><strong>En nous retournant par courrier le bulletin d&rsquo;adh\u00e9sion ci dessous ( \u00e0 t\u00e9l\u00e9charger et \u00e0 compl\u00e9ter ), accompagn\u00e9 d\u2019un ch\u00e8que de 20 \u20ac, libell\u00e9 \u00e0 l\u2019ordre de APCB, \u00e0 l\u2019adresse suivante :<br \/>\nTRESORIER APCB<\/strong><br \/>\n<strong>115 LE CRUGO<\/strong><br \/>\n<strong>44410 ST LYPHARD<\/strong><\/li>\n<\/ul>\n<ul>\n<li><strong>Ou associ\u00e9 a un virement de 20\u20ac au compte:<\/strong><br \/>\n<strong>iban: FR76 1470 6000 0373 9548 2580 659<\/strong><br \/>\n<strong>bic: AGRIFRPP847<\/strong><br \/>\n<strong>en envoyant un mail de confirmation \u00e0 tresorier@apcbriere.fr<\/strong><\/li>\n<\/ul>\n<p>Merci par avance de votre mobilisation.<\/p>\n<p style=\"text-align: center;\"><span style=\"color: #993300;\"><span style=\"color: #000080;\"><a href=\"https:\/\/apcbriere.fr\/wp-content\/uploads\/2025\/10\/Bulletin-dadhesion-2026-APCBRIERE.pdf\" target=\"_blank\" rel=\"noopener\"><span style=\"color: #ff9900;\"><strong>Bulletin adh\u00e9sion APCBri\u00e8re 2026<br \/>\n<\/strong><strong>Cliquer ic<\/strong><strong>i<\/strong><\/span><\/a><br \/>\n<\/span><\/span><\/p>\n","protected":false},"excerpt":{"rendered":"<p>REJOIGNEZ-NOUS ! De nouvelles avanc\u00e9es dans la connaissance des causes de la d\u00e9gradation du chaume de nos toitures ! Madame, Monsieur, Vous le savez peut-\u00eatre, ce chaume qui fait la beaut\u00e9 et l\u2019attractivit\u00e9 de notre r\u00e9gion est aujourd\u2019hui menac\u00e9. Les&hellip;&nbsp;<a href=\"https:\/\/apcbriere.fr\/index.php\/adhesion\/\" class=\"more-link\">Lire la suite<\/a><\/p>\n","protected":false},"author":1,"featured_media":0,"parent":0,"menu_order":0,"comment_status":"closed","ping_status":"closed","template":"","meta":{"footnotes":""},"class_list":["post-78","page","type-page","status-publish","hentry"],"_links":{"self":[{"href":"https:\/\/apcbriere.fr\/index.php\/wp-json\/wp\/v2\/pages\/78","targetHints":{"allow":["GET"]}}],"collection":[{"href":"https:\/\/apcbriere.fr\/index.php\/wp-json\/wp\/v2\/pages"}],"about":[{"href":"https:\/\/apcbriere.fr\/index.php\/wp-json\/wp\/v2\/types\/page"}],"author":[{"embeddable":true,"href":"https:\/\/apcbriere.fr\/index.php\/wp-json\/wp\/v2\/users\/1"}],"replies":[{"embeddable":true,"href":"https:\/\/apcbriere.fr\/index.php\/wp-json\/wp\/v2\/comments?post=78"}],"version-history":[{"count":73,"href":"https:\/\/apcbriere.fr\/index.php\/wp-json\/wp\/v2\/pages\/78\/revisions"}],"predecessor-version":[{"id":4757,"href":"https:\/\/apcbriere.fr\/index.php\/wp-json\/wp\/v2\/pages\/78\/revisions\/4757"}],"wp:attachment":[{"href":"https:\/\/apcbriere.fr\/index.php\/wp-json\/wp\/v2\/media?parent=78"}],"curies":[{"name":"wp","href":"https:\/\/api.w.org\/{rel}","templated":true}]}}