{"id":379,"date":"2018-09-01T23:17:08","date_gmt":"2018-09-01T21:17:08","guid":{"rendered":"http:\/\/apcbriere.fr\/?page_id=379"},"modified":"2020-08-08T11:42:21","modified_gmt":"2020-08-08T09:42:21","slug":"contact","status":"publish","type":"page","link":"https:\/\/apcbriere.fr\/index.php\/contact\/","title":{"rendered":"Contact"},"content":{"rendered":"<p><strong>Association des Propri\u00e9taires de Chaumi\u00e8res en Bri\u00e8re<img loading=\"lazy\" decoding=\"async\" class=\"size-full wp-image-89 alignright\" src=\"http:\/\/apcbriere.fr\/wp-content\/uploads\/2018\/06\/logo.jpg\" alt=\"\" width=\"200\" height=\"167\" \/><\/strong><\/p>\n<p><strong>1 rue de K\u00e9rio &#8211; 44410 SAINT LYPHARD<\/strong><\/p>\n<p><span style=\"color: #000080;\">\n<div class=\"wpcf7 no-js\" id=\"wpcf7-f447-o1\" lang=\"fr-FR\" dir=\"ltr\" data-wpcf7-id=\"447\">\n<div class=\"screen-reader-response\"><p role=\"status\" aria-live=\"polite\" aria-atomic=\"true\"><\/p> <ul><\/ul><\/div>\n<form action=\"\/index.php\/wp-json\/wp\/v2\/pages\/379#wpcf7-f447-o1\" method=\"post\" class=\"wpcf7-form init\" aria-label=\"Formulaire de contact\" enctype=\"multipart\/form-data\" novalidate=\"novalidate\" data-status=\"init\">\n<fieldset class=\"hidden-fields-container\"><input type=\"hidden\" name=\"_wpcf7\" value=\"447\" \/><input type=\"hidden\" name=\"_wpcf7_version\" value=\"6.1.5\" \/><input type=\"hidden\" name=\"_wpcf7_locale\" value=\"fr_FR\" \/><input type=\"hidden\" name=\"_wpcf7_unit_tag\" value=\"wpcf7-f447-o1\" \/><input type=\"hidden\" name=\"_wpcf7_container_post\" value=\"0\" \/><input type=\"hidden\" name=\"_wpcf7_posted_data_hash\" value=\"\" \/><input type=\"hidden\" name=\"_wpcf7_recaptcha_response\" value=\"\" \/>\n<\/fieldset>\n<p><label> Votre nom (obligatoire)<br \/>\n<span class=\"wpcf7-form-control-wrap\" data-name=\"your-name\"><input size=\"40\" maxlength=\"400\" class=\"wpcf7-form-control wpcf7-text wpcf7-validates-as-required\" aria-required=\"true\" aria-invalid=\"false\" value=\"\" type=\"text\" name=\"your-name\" \/><\/span> <\/label>\n<\/p>\n<p><label> Votre adresse de messagerie (obligatoire)<br \/>\n<span class=\"wpcf7-form-control-wrap\" data-name=\"your-email\"><input size=\"40\" maxlength=\"400\" class=\"wpcf7-form-control wpcf7-email wpcf7-validates-as-required wpcf7-text wpcf7-validates-as-email\" aria-required=\"true\" aria-invalid=\"false\" value=\"\" type=\"email\" name=\"your-email\" \/><\/span> <\/label>\n<\/p>\n<p><label> Objet<br \/>\n<span class=\"wpcf7-form-control-wrap\" data-name=\"your-subject\"><input size=\"40\" maxlength=\"400\" class=\"wpcf7-form-control wpcf7-text\" aria-invalid=\"false\" value=\"\" type=\"text\" name=\"your-subject\" \/><\/span> <\/label>\n<\/p>\n<p><label> Votre message<br \/>\n<span class=\"wpcf7-form-control-wrap\" data-name=\"your-message\"><textarea cols=\"40\" rows=\"10\" maxlength=\"2000\" class=\"wpcf7-form-control wpcf7-textarea\" aria-invalid=\"false\" name=\"your-message\"><\/textarea><\/span> <\/label>\n<\/p>\n<p><label> Pi\u00e9ce jointe limite 1Mbit<br \/>\n<span class=\"wpcf7-form-control-wrap\" data-name=\"file-571\"><input size=\"40\" class=\"wpcf7-form-control wpcf7-file\" accept=\"audio\/*,video\/*,image\/*\" aria-invalid=\"false\" type=\"file\" name=\"file-571\" \/><\/span><br \/>\n<input class=\"wpcf7-form-control wpcf7-submit has-spinner\" type=\"submit\" value=\"Envoyer\" \/><\/label>\n<\/p><div class=\"wpcf7-response-output\" aria-hidden=\"true\"><\/div>\n<\/form>\n<\/div>\n<\/span><\/p>\n<p><span style=\"color: #000080;\">\u00a0<\/span><\/p>\n<p style=\"text-align: center;\"><a href=\"http:\/\/apcbriere.fr\/wp-content\/uploads\/2019\/04\/POLITIQUE-GENERALE-CONCERNANT-LA-PROTECTION-DES-DONNEES-PERSONNELLES-DES-ADHERENTS-DE-L.pdf\" target=\"_blank\" rel=\"noopener noreferrer\">Politique g\u00e9n\u00e9rale concernant la protection des donn\u00e9es personnelles des adh\u00e9rents<\/a><\/p>\n","protected":false},"excerpt":{"rendered":"<p>Association des Propri\u00e9taires de Chaumi\u00e8res en Bri\u00e8re 1 rue de K\u00e9rio &#8211; 44410 SAINT LYPHARD \u00a0 Politique g\u00e9n\u00e9rale concernant la protection des donn\u00e9es personnelles des adh\u00e9rents<\/p>\n","protected":false},"author":1,"featured_media":0,"parent":0,"menu_order":0,"comment_status":"closed","ping_status":"closed","template":"","meta":{"footnotes":""},"class_list":["post-379","page","type-page","status-publish","hentry"],"_links":{"self":[{"href":"https:\/\/apcbriere.fr\/index.php\/wp-json\/wp\/v2\/pages\/379","targetHints":{"allow":["GET"]}}],"collection":[{"href":"https:\/\/apcbriere.fr\/index.php\/wp-json\/wp\/v2\/pages"}],"about":[{"href":"https:\/\/apcbriere.fr\/index.php\/wp-json\/wp\/v2\/types\/page"}],"author":[{"embeddable":true,"href":"https:\/\/apcbriere.fr\/index.php\/wp-json\/wp\/v2\/users\/1"}],"replies":[{"embeddable":true,"href":"https:\/\/apcbriere.fr\/index.php\/wp-json\/wp\/v2\/comments?post=379"}],"version-history":[{"count":10,"href":"https:\/\/apcbriere.fr\/index.php\/wp-json\/wp\/v2\/pages\/379\/revisions"}],"predecessor-version":[{"id":2381,"href":"https:\/\/apcbriere.fr\/index.php\/wp-json\/wp\/v2\/pages\/379\/revisions\/2381"}],"wp:attachment":[{"href":"https:\/\/apcbriere.fr\/index.php\/wp-json\/wp\/v2\/media?parent=379"}],"curies":[{"name":"wp","href":"https:\/\/api.w.org\/{rel}","templated":true}]}}