{"id":2236,"date":"2020-06-24T13:58:21","date_gmt":"2020-06-24T11:58:21","guid":{"rendered":"https:\/\/apcbriere.fr\/?page_id=2236"},"modified":"2026-03-20T09:34:06","modified_gmt":"2026-03-20T08:34:06","slug":"adherents-_-aides-subventions","status":"publish","type":"page","link":"https:\/\/apcbriere.fr\/index.php\/documentation\/adherents-_-aides-subventions\/","title":{"rendered":"Adh\u00e9rents _ Aides Subventions"},"content":{"rendered":"<blockquote>\n<h3>AIDES SUBVENTIONS<\/h3>\n<\/blockquote>\n<header class=\"article-header\">\n<h1 class=\"article-title\" style=\"text-align: center;\">Mise en place d\u2019un dispositif d\u2019aides aux propri\u00e9taires de chaumi\u00e8res<strong style=\"font-size: revert; color: initial;\">\u00a0<\/strong><\/h1>\n<\/header>\n<div class=\"article-content\">\n<p><a href=\"https:\/\/apcbriere.fr\/wp-content\/uploads\/2024\/02\/Aide_Chaume_V9_HQ.pdf\" target=\"_blank\" rel=\"noopener\"><img loading=\"lazy\" decoding=\"async\" class=\"size-medium wp-image-3744 aligncenter\" src=\"https:\/\/apcbriere.fr\/wp-content\/uploads\/2023\/01\/aide-renov-chaume-200x300.jpg\" alt=\"\" width=\"200\" height=\"300\" srcset=\"https:\/\/apcbriere.fr\/wp-content\/uploads\/2023\/01\/aide-renov-chaume-200x300.jpg 200w, https:\/\/apcbriere.fr\/wp-content\/uploads\/2023\/01\/aide-renov-chaume-180x270.jpg 180w, https:\/\/apcbriere.fr\/wp-content\/uploads\/2023\/01\/aide-renov-chaume.jpg 351w\" sizes=\"auto, (max-width: 200px) 100vw, 200px\" \/><\/a><\/p>\n<p style=\"text-align: center;\"><a href=\"https:\/\/apcbriere.fr\/wp-content\/uploads\/2024\/02\/Aide_Chaume_V9_HQ.pdf\" target=\"_blank\" rel=\"noopener\"><strong><em>Pr\u00e9sentation du dispositif de soutien financier destin\u00e9 aux propri\u00e9taires de chaumi\u00e8res<\/em><\/strong><\/a><\/p>\n<p style=\"text-align: center;\"><strong>Pour d\u00e9poser votre demande d\u2019aide, contacter le service Habitat de la communaut\u00e9 d\u2019agglom\u00e9ration<\/strong><\/p>\n<p style=\"text-align: center;\"><strong><span style=\"color: #000080;\">Le diagnostic gratuit pour d\u00e9gradation pr\u00e9matur\u00e9e est de nouveau possible depuis fin octobre 2025, <\/span><\/strong><br \/><strong><span style=\"color: #000080;\">prenez contact avec\u00a0 Saint-Nazaire Agglo ou CAP ATLANTIQUE pour en faire la demande<\/span><\/strong><\/p>\n<\/div>\n\n\n<hr class=\"wp-block-separator has-alpha-channel-opacity\"\/>\n\n\n<div class=\"article-content\">\n<blockquote>\n<h3><strong>Saint-Nazaire Agglo :<\/strong><strong>\u00a0Service Am\u00e9lioration de l\u2019Habitat 02 51 76 10 00 puis choix 2<\/strong><\/h3>\n<\/blockquote>\n<ul>\n<li><span style=\"color: #ff6600;\"><strong><em><a style=\"color: #ff6600;\" href=\"https:\/\/apcbriere.fr\/wp-content\/uploads\/2024\/01\/Deliberation-Reglement-chaume-revise-vote-lors-du-CC-du-19-12-2023.pdf\" target=\"_blank\" rel=\"noopener\">R\u00e8glement chaume r\u00e9vis\u00e9 vot\u00e9 lors du CC de Saint-Nazaire Agglo le 19-12-2023<\/a><\/em><\/strong><\/span><\/li>\n<li><strong><em><a href=\"https:\/\/apcbriere.fr\/wp-content\/uploads\/2024\/01\/Annexe-2-Engagement_Qualite-V4.pdf\" target=\"_blank\" rel=\"noopener\">Annexe 2 Engagement_Qualit\u00e9 V4<\/a><\/em><\/strong><\/li>\n<li><em><span style=\"color: #000080;\"><strong><a style=\"color: #000080;\" href=\"https:\/\/apcbriere.fr\/wp-content\/uploads\/2024\/09\/PLAFOND-RESSOURCES-ANAH-2024.pdf\" target=\"_blank\" rel=\"noopener\">PLAFOND RESSOURCES ANAH 2024<\/a><\/strong><\/span><\/em><\/li>\n<\/ul>\n<\/div>\n\n\n<hr class=\"wp-block-separator has-alpha-channel-opacity\"\/>\n\n\n<header class=\"article-header\">\n<blockquote>\n<h3 class=\"article-title\" style=\"text-align: left;\"><strong style=\"font-size: revert; color: initial;\">Cap Atlantique : Service Cap Info Habitat 02 51 75 77 95 puis choix 2<\/strong><span style=\"font-size: revert; color: initial;\">.<\/span><\/h3>\n<\/blockquote>\n<\/header>\n<div class=\"article-content\">\n<ul>\n<li><a href=\"https:\/\/apcbriere.fr\/wp-content\/uploads\/2024\/04\/2024-04-CAP_Reglement_Attrib_aides_VD2.pdf\" target=\"_blank\" rel=\"noopener\"><strong><span style=\"color: #ff6600;\"><em>R\u00e8glement chaume r\u00e9vis\u00e9 vot\u00e9 lors du CC de Cap Atlantique le 11-04-2024.<\/em><\/span><\/strong><\/a><strong><em><br \/><\/em><\/strong><\/li>\n<li><strong><em><a href=\"https:\/\/apcbriere.fr\/wp-content\/uploads\/2024\/01\/Annexe-2-Engagement_Qualite-V4.pdf\" target=\"_blank\" rel=\"noopener\">Annexe 2 Engagement_Qualit\u00e9 V4<\/a><\/em><\/strong><\/li>\n<li><em><span style=\"color: #000080;\"><strong><a style=\"color: #000080;\" href=\"https:\/\/apcbriere.fr\/wp-content\/uploads\/2024\/09\/PLAFOND-RESSOURCES-ANAH-2024.pdf\" target=\"_blank\" rel=\"noopener\">PLAFOND RESSOURCES ANAH 2024<\/a><\/strong><\/span><\/em><\/li>\n<\/ul>\n<\/div>\n\n\n<hr class=\"wp-block-separator has-alpha-channel-opacity\"\/>\n\n\n<blockquote>\n<h3><strong>Autres subventions possibles<\/strong><\/h3>\n<\/blockquote>\n<ul>\n<li><span style=\"color: #000080;\"><a style=\"color: #000080;\" href=\"https:\/\/france-renov.gouv.fr\/\" target=\"_blank\" rel=\"noopener\">MaPrimeR\u00e9nov&rsquo; L&rsquo;aide \u00e0 la r\u00e9novation \u00e9nerg\u00e9tique des logements ( Toutes les informations sur le site officiel )<\/a><\/span><span style=\"color: #000080;\"><br \/><\/span><\/li>\n<li><span style=\"color: #000080;\"><em><a style=\"color: #000080;\" href=\"http:\/\/apcbriere.fr\/wp-content\/uploads\/2020\/03\/Guide-pratique-du-label-de-la-fondation-du-patrimoine-2020.pdf\" target=\"_blank\" rel=\"noopener noreferrer\">Guide pratique du label de la fondation du patrimoine 2020<\/a><\/em><\/span><\/li>\n<li><span style=\"color: #000080;\"><em><a style=\"color: #000080;\" href=\"http:\/\/apcbriere.fr\/wp-content\/uploads\/2019\/05\/Pr\u00e9sentation-du-label-de-la-Fondation-du-Patrimoine.pdf\" target=\"_blank\" rel=\"noopener noreferrer\">Pr\u00e9sentation du label de la Fondation du Patrimoine<\/a><\/em><\/span><\/li>\n<\/ul>","protected":false},"excerpt":{"rendered":"<p>AIDES SUBVENTIONS Mise en place d\u2019un dispositif d\u2019aides aux propri\u00e9taires de chaumi\u00e8res\u00a0 Pr\u00e9sentation du dispositif de soutien financier destin\u00e9 aux propri\u00e9taires de chaumi\u00e8res Pour d\u00e9poser votre demande d\u2019aide, contacter le service Habitat de la communaut\u00e9 d\u2019agglom\u00e9ration Le diagnostic gratuit pour&hellip;&nbsp;<a href=\"https:\/\/apcbriere.fr\/index.php\/documentation\/adherents-_-aides-subventions\/\" class=\"more-link\">Lire la suite<\/a><\/p>\n","protected":false},"author":1,"featured_media":0,"parent":209,"menu_order":0,"comment_status":"closed","ping_status":"closed","template":"","meta":{"footnotes":""},"class_list":["post-2236","page","type-page","status-publish","hentry"],"_links":{"self":[{"href":"https:\/\/apcbriere.fr\/index.php\/wp-json\/wp\/v2\/pages\/2236","targetHints":{"allow":["GET"]}}],"collection":[{"href":"https:\/\/apcbriere.fr\/index.php\/wp-json\/wp\/v2\/pages"}],"about":[{"href":"https:\/\/apcbriere.fr\/index.php\/wp-json\/wp\/v2\/types\/page"}],"author":[{"embeddable":true,"href":"https:\/\/apcbriere.fr\/index.php\/wp-json\/wp\/v2\/users\/1"}],"replies":[{"embeddable":true,"href":"https:\/\/apcbriere.fr\/index.php\/wp-json\/wp\/v2\/comments?post=2236"}],"version-history":[{"count":53,"href":"https:\/\/apcbriere.fr\/index.php\/wp-json\/wp\/v2\/pages\/2236\/revisions"}],"predecessor-version":[{"id":4856,"href":"https:\/\/apcbriere.fr\/index.php\/wp-json\/wp\/v2\/pages\/2236\/revisions\/4856"}],"up":[{"embeddable":true,"href":"https:\/\/apcbriere.fr\/index.php\/wp-json\/wp\/v2\/pages\/209"}],"wp:attachment":[{"href":"https:\/\/apcbriere.fr\/index.php\/wp-json\/wp\/v2\/media?parent=2236"}],"curies":[{"name":"wp","href":"https:\/\/api.w.org\/{rel}","templated":true}]}}