{"id":2167,"date":"2020-06-24T09:50:04","date_gmt":"2020-06-24T07:50:04","guid":{"rendered":"https:\/\/apcbriere.fr\/?page_id=2167"},"modified":"2026-02-02T08:49:48","modified_gmt":"2026-02-02T07:49:48","slug":"resultats-questionnaires-apcb","status":"publish","type":"page","link":"https:\/\/apcbriere.fr\/index.php\/documentation\/resultats-questionnaires-apcb\/","title":{"rendered":"Adh\u00e9rents _ R\u00e9sultats Questionnaires APCBri\u00e8re"},"content":{"rendered":"","protected":true},"excerpt":{"rendered":"","protected":true},"author":1,"featured_media":0,"parent":209,"menu_order":0,"comment_status":"closed","ping_status":"closed","template":"","meta":{"footnotes":""},"class_list":["post-2167","page","type-page","status-publish","post-password-required","hentry"],"_links":{"self":[{"href":"https:\/\/apcbriere.fr\/index.php\/wp-json\/wp\/v2\/pages\/2167","targetHints":{"allow":["GET"]}}],"collection":[{"href":"https:\/\/apcbriere.fr\/index.php\/wp-json\/wp\/v2\/pages"}],"about":[{"href":"https:\/\/apcbriere.fr\/index.php\/wp-json\/wp\/v2\/types\/page"}],"author":[{"embeddable":true,"href":"https:\/\/apcbriere.fr\/index.php\/wp-json\/wp\/v2\/users\/1"}],"replies":[{"embeddable":true,"href":"https:\/\/apcbriere.fr\/index.php\/wp-json\/wp\/v2\/comments?post=2167"}],"version-history":[{"count":4,"href":"https:\/\/apcbriere.fr\/index.php\/wp-json\/wp\/v2\/pages\/2167\/revisions"}],"predecessor-version":[{"id":2426,"href":"https:\/\/apcbriere.fr\/index.php\/wp-json\/wp\/v2\/pages\/2167\/revisions\/2426"}],"up":[{"embeddable":true,"href":"https:\/\/apcbriere.fr\/index.php\/wp-json\/wp\/v2\/pages\/209"}],"wp:attachment":[{"href":"https:\/\/apcbriere.fr\/index.php\/wp-json\/wp\/v2\/media?parent=2167"}],"curies":[{"name":"wp","href":"https:\/\/api.w.org\/{rel}","templated":true}]}}