{"id":2153,"date":"2020-06-24T10:10:54","date_gmt":"2020-06-24T08:10:54","guid":{"rendered":"https:\/\/apcbriere.fr\/?page_id=2153"},"modified":"2024-03-29T09:06:51","modified_gmt":"2024-03-29T08:06:51","slug":"documentation-adherents","status":"publish","type":"page","link":"https:\/\/apcbriere.fr\/index.php\/documentation\/documentation-adherents\/","title":{"rendered":"Adh\u00e9rents _ Documentation"},"content":{"rendered":"\n<div class=\"wp-block-columns is-layout-flex wp-container-core-columns-is-layout-9d6595d7 wp-block-columns-is-layout-flex\">\n<div class=\"wp-block-column is-layout-flow wp-block-column-is-layout-flow\">\n<blockquote class=\"wp-block-quote is-layout-flow wp-block-quote-is-layout-flow\">\n<p><a href=\"https:\/\/apcbriere.fr\/index.php\/lettre-aux-adherents\/\" target=\"_blank\" rel=\"noreferrer noopener\"><strong>Lettres aux adh\u00e9rents<\/strong><\/a><\/p>\n<\/blockquote>\n\n\n\n<blockquote class=\"wp-block-quote is-layout-flow wp-block-quote-is-layout-flow\">\n<p><a href=\"https:\/\/apcbriere.fr\/index.php\/compte-rendu-reunions-apcb-pnrb-chaumiers\/\" target=\"_blank\" rel=\"noreferrer noopener\"><strong>R\u00e9unions APCBri\u00e8re\/PnrB<\/strong><\/a><\/p>\n<\/blockquote>\n\n\n\n<blockquote class=\"wp-block-quote is-layout-flow wp-block-quote-is-layout-flow\">\n<p><a href=\"https:\/\/apcbriere.fr\/index.php\/archives-documents\/\" target=\"_blank\" rel=\"noreferrer noopener\"><strong>Archives documents<\/strong><\/a><\/p>\n\n\n\n<blockquote class=\"wp-block-quote is-layout-flow wp-block-quote-is-layout-flow\">\n<blockquote class=\"wp-block-quote is-layout-flow wp-block-quote-is-layout-flow\">\n<p><\/p>\n<\/blockquote>\n\n\n\n<blockquote class=\"wp-block-quote is-layout-flow wp-block-quote-is-layout-flow\">\n<p><\/p>\n<\/blockquote>\n<\/blockquote>\n<\/blockquote>\n<\/div>\n\n\n\n<div class=\"wp-block-column is-layout-flow wp-block-column-is-layout-flow\">\n<blockquote class=\"wp-block-quote is-layout-flow wp-block-quote-is-layout-flow\">\n<p><a href=\"https:\/\/apcbriere.fr\/index.php\/resultats-questionnaires-apcb\/\" target=\"_blank\" rel=\"noreferrer noopener\"><strong>R\u00e9sultats questionnaires APCBri\u00e8re<\/strong><\/a><\/p>\n<\/blockquote>\n\n\n\n<blockquote class=\"wp-block-quote is-layout-flow wp-block-quote-is-layout-flow\">\n<p><a href=\"https:\/\/apcbriere.fr\/index.php\/questions-ecrites\/\" target=\"_blank\" rel=\"noreferrer noopener\"><strong>Questions \u00e9crites<\/strong><\/a><\/p>\n<\/blockquote>\n\n\n\n<blockquote class=\"wp-block-quote is-layout-flow wp-block-quote-is-layout-flow\">\n<p><a href=\"https:\/\/apcbriere.fr\/index.php\/documentation\/adherents_courriers-c2p\/\" target=\"_blank\" rel=\"noreferrer noopener\"><strong>Courriers C2P<\/strong><\/a><\/p>\n<\/blockquote>\n<\/div>\n\n\n\n<div class=\"wp-block-column is-layout-flow wp-block-column-is-layout-flow\">\n<blockquote class=\"wp-block-quote is-layout-flow wp-block-quote-is-layout-flow\">\n<p><a href=\"https:\/\/apcbriere.fr\/index.php\/enquete-publique-plui-carene\/\" target=\"_blank\" rel=\"noreferrer noopener\"><strong>PLUI CAR\u00c8NE<\/strong><\/a><\/p>\n<\/blockquote>\n\n\n\n<blockquote class=\"wp-block-quote is-layout-flow wp-block-quote-is-layout-flow\">\n<p><a href=\"https:\/\/apcbriere.fr\/index.php\/articles-de-presse\/\" target=\"_blank\" rel=\"noreferrer noopener\"><strong>Articles de presse<\/strong><\/a><\/p>\n<\/blockquote>\n\n\n\n<blockquote class=\"wp-block-quote is-layout-flow wp-block-quote-is-layout-flow\">\n<p><a href=\"https:\/\/apcbriere.fr\/index.php\/documentation\/adherents-courriers-ancc\/\" target=\"_blank\" rel=\"noreferrer noopener\"><strong>Courriers ANCC<\/strong><\/a><\/p>\n<\/blockquote>\n\n\n\n<p><\/p>\n<\/div>\n\n\n\n<div class=\"wp-block-column is-layout-flow wp-block-column-is-layout-flow\">\n<blockquote class=\"wp-block-quote is-layout-flow wp-block-quote-is-layout-flow\">\n<p><a href=\"https:\/\/apcbriere.fr\/index.php\/documentation\/comites-strategiques\/\" target=\"_blank\" rel=\"noreferrer noopener\"><strong>Comit\u00e9s strat\u00e9giques<\/strong><\/a><\/p>\n<\/blockquote>\n\n\n\n<blockquote class=\"wp-block-quote is-layout-flow wp-block-quote-is-layout-flow\">\n<p><\/p>\n<\/blockquote>\n\n\n\n<blockquote class=\"wp-block-quote is-layout-flow wp-block-quote-is-layout-flow\">\n<p><\/p>\n<\/blockquote>\n\n\n\n<p><\/p>\n<\/div>\n<\/div>\n\n\n\n<p><\/p>\n","protected":false},"excerpt":{"rendered":"<p>Lettres aux adh\u00e9rents R\u00e9unions APCBri\u00e8re\/PnrB Archives documents R\u00e9sultats questionnaires APCBri\u00e8re Questions \u00e9crites Courriers C2P PLUI CAR\u00c8NE Articles de presse Courriers ANCC Comit\u00e9s strat\u00e9giques<\/p>\n","protected":false},"author":1,"featured_media":0,"parent":209,"menu_order":0,"comment_status":"closed","ping_status":"closed","template":"","meta":{"footnotes":""},"class_list":["post-2153","page","type-page","status-publish","hentry"],"_links":{"self":[{"href":"https:\/\/apcbriere.fr\/index.php\/wp-json\/wp\/v2\/pages\/2153","targetHints":{"allow":["GET"]}}],"collection":[{"href":"https:\/\/apcbriere.fr\/index.php\/wp-json\/wp\/v2\/pages"}],"about":[{"href":"https:\/\/apcbriere.fr\/index.php\/wp-json\/wp\/v2\/types\/page"}],"author":[{"embeddable":true,"href":"https:\/\/apcbriere.fr\/index.php\/wp-json\/wp\/v2\/users\/1"}],"replies":[{"embeddable":true,"href":"https:\/\/apcbriere.fr\/index.php\/wp-json\/wp\/v2\/comments?post=2153"}],"version-history":[{"count":39,"href":"https:\/\/apcbriere.fr\/index.php\/wp-json\/wp\/v2\/pages\/2153\/revisions"}],"predecessor-version":[{"id":4392,"href":"https:\/\/apcbriere.fr\/index.php\/wp-json\/wp\/v2\/pages\/2153\/revisions\/4392"}],"up":[{"embeddable":true,"href":"https:\/\/apcbriere.fr\/index.php\/wp-json\/wp\/v2\/pages\/209"}],"wp:attachment":[{"href":"https:\/\/apcbriere.fr\/index.php\/wp-json\/wp\/v2\/media?parent=2153"}],"curies":[{"name":"wp","href":"https:\/\/api.w.org\/{rel}","templated":true}]}}