{"id":1769,"date":"2020-02-08T17:15:57","date_gmt":"2020-02-08T16:15:57","guid":{"rendered":"http:\/\/apcbriere.fr\/?page_id=1769"},"modified":"2021-02-07T10:31:01","modified_gmt":"2021-02-07T09:31:01","slug":"municipales-2020","status":"publish","type":"page","link":"https:\/\/apcbriere.fr\/index.php\/partenaires\/municipales-2020\/","title":{"rendered":"Partenaires _ Municipales 2020"},"content":{"rendered":"<p><img loading=\"lazy\" decoding=\"async\" class=\"alignnone size-full wp-image-1557\" src=\"http:\/\/apcbriere.fr\/wp-content\/uploads\/2019\/12\/Image00001-1.jpg\" alt=\"\" width=\"100\" height=\"84\" \/><\/p>\n<ul>\n<li style=\"text-align: left;\"><a href=\"http:\/\/apcbriere.fr\/wp-content\/uploads\/2020\/01\/Courrier-aux-candidats.pdf\" target=\"_blank\" rel=\"noopener noreferrer\"><strong>Courrier de l&rsquo;APCB<\/strong> envoy\u00e9 aux candidats aux Elections Municipales de Mars 2020<\/a><\/li>\n<\/ul>\n<p><strong><img loading=\"lazy\" decoding=\"async\" class=\"alignnone\" src=\"https:\/\/upload.wikimedia.org\/wikipedia\/fr\/5\/51\/Logo_Gu%C3%A9rande.png\" alt=\"Fichier:Logo Gu\u00e9rande.png\" width=\"132\" height=\"132\" data-file-width=\"600\" data-file-height=\"600\" \/><\/strong><\/p>\n<ul>\n<li style=\"text-align: left;\"><a href=\"http:\/\/apcbriere.fr\/wp-content\/uploads\/2020\/02\/R\u00e9ponse-VGES-APCB.pdf\" target=\"_blank\" rel=\"noopener noreferrer\">Courrier r\u00e9ponse APCB Vivons <strong>Gu\u00e9rande<\/strong> Ecologique et Solidaire<\/a><\/li>\n<li style=\"text-align: left;\"><a href=\"http:\/\/apcbriere.fr\/wp-content\/uploads\/2020\/02\/GAP-courrier-r\u00e9ponse-APCB20-01-2020-1.pdf\" target=\"_blank\" rel=\"noopener noreferrer\">Courrier r\u00e9ponse APCB <strong>Gu\u00e9rande<\/strong> l&rsquo;Avenir en Presqu&rsquo;ile<\/a><\/li>\n<li><a href=\"http:\/\/apcbriere.fr\/wp-content\/uploads\/2020\/03\/reponse-nouveau-souffle-pour-guerande.pdf\" target=\"_blank\" rel=\"noopener noreferrer\">Courrier r\u00e9ponse APCB Un Nouveau Souffle pour <strong>Gu\u00e9rande<\/strong><\/a><\/li>\n<\/ul>\n<p><strong><img loading=\"lazy\" decoding=\"async\" class=\"alignnone\" src=\"https:\/\/backoffice-api.koba-civique.com\/rails\/active_storage\/blobs\/eyJfcmFpbHMiOnsibWVzc2FnZSI6IkJBaHBBejBUQVE9PSIsImV4cCI6bnVsbCwicHVyIjoiYmxvYl9pZCJ9fQ==--b104212e96cdaed3247dd4b15ebab1b28980e01e\/logo.png\" alt=\"Accueil\" width=\"129\" height=\"133\" \/><\/strong><\/p>\n<ul>\n<li><a href=\"http:\/\/apcbriere.fr\/wp-content\/uploads\/2020\/02\/R\u00e9ponse-V-MAHE-APCB.pdf\" target=\"_blank\" rel=\"noopener noreferrer\">Courrier r\u00e9ponse APCB Vivre <strong>St-Joachim,<\/strong> unis et solidaires \u00e0 gauche<\/a><\/li>\n<li><a href=\"http:\/\/apcbriere.fr\/wp-content\/uploads\/2020\/03\/R\u00e9ponse-alliance-democratique-2020-ST-JOACHIM.pdf\" target=\"_blank\" rel=\"noopener noreferrer\">Courrier r\u00e9ponse APCB Alliance Democratique 2020 <strong>St-Joachim<\/strong><\/a><\/li>\n<\/ul>\n<p><strong><img loading=\"lazy\" decoding=\"async\" class=\" wp-image-1807 alignnone\" src=\"http:\/\/apcbriere.fr\/wp-content\/uploads\/2020\/02\/logostlyphard.jpg\" alt=\"\" width=\"111\" height=\"113\" \/><\/strong><\/p>\n<ul>\n<li><a href=\"http:\/\/apcbriere.fr\/wp-content\/uploads\/2020\/02\/r\u00e9ponse-D-MORICEAU-St-Lyphard.pdf\" target=\"_blank\" rel=\"noopener noreferrer\">Courrier r\u00e9ponse APCB Pr\u00e9servons et Innovons avec vous pour\u00a0<strong> St-Lyphard<\/strong><\/a><\/li>\n<li><a href=\"http:\/\/apcbriere.fr\/wp-content\/uploads\/2020\/02\/Ltr_APCB_ENSEMBLE-pour-St-LYPHARD-ponctuation-revue.pdf\" target=\"_blank\" rel=\"noopener noreferrer\">Courrier r\u00e9ponse APCB Ensemble pour <strong>St-Lyphard<\/strong><\/a><\/li>\n<\/ul>\n<p><strong><img loading=\"lazy\" decoding=\"async\" class=\"alignnone  wp-image-1817\" src=\"http:\/\/apcbriere.fr\/wp-content\/uploads\/2020\/02\/logoHERBIGNAC.jpg\" alt=\"\" width=\"109\" height=\"83\" \/><\/strong><\/p>\n<ul>\n<li><a href=\"http:\/\/apcbriere.fr\/wp-content\/uploads\/2020\/02\/Environnement-et-citoyennet\u00e9-pour-Herbignac.pdf\" target=\"_blank\" rel=\"noopener noreferrer\">Courrier r\u00e9ponse APCB Environnement et citoyennet\u00e9 pour <strong>Herbignac<\/strong><\/a><\/li>\n<li><a href=\"http:\/\/apcbriere.fr\/wp-content\/uploads\/2020\/02\/Agissons-emsemble-pour-Herbignac.pdf\" target=\"_blank\" rel=\"noopener noreferrer\">Courrier r\u00e9ponse APCB Agissons emsemble pour <strong>Herbignac<\/strong><\/a><\/li>\n<\/ul>\n<p><img loading=\"lazy\" decoding=\"async\" class=\"\" title=\"Le nouveau logo de la Ville de Saint-Nazaire.\" src=\"https:\/\/www.saintnazaire.fr\/fileadmin\/_processed_\/d\/7\/csm_171206-LogoStNazaire_dca13e1cb6.png\" alt=\"Le nouveau logo de la Ville de Saint-Nazaire. - Agrandir l'image, .PNG 121Ko (fen\u00eatre modale)\" width=\"182\" height=\"91\" data-alt=\"Le nouveau logo de la Ville de Saint-Nazaire.\" \/><\/p>\n<ul>\n<li><a href=\"http:\/\/apcbriere.fr\/wp-content\/uploads\/2020\/03\/Une-equipe-pour-saint-nazaire-2.pdf\" target=\"_blank\" rel=\"noopener noreferrer\">Courrier r\u00e9ponse APCB Une \u00e9quipe pour <strong>Saint Nazaire<\/strong><\/a><\/li>\n<li><a href=\"http:\/\/apcbriere.fr\/wp-content\/uploads\/2020\/02\/2020_02_15_Saint-Nazaire-Ensemble_R\u00e9ponse-APCB.pdf\" target=\"_blank\" rel=\"noopener noreferrer\">Courrier r\u00e9ponse APCB_<strong>Saint-Nazaire<\/strong>-Ensemble<\/a><\/li>\n<li><a href=\"http:\/\/apcbriere.fr\/wp-content\/uploads\/2020\/03\/20-03-01-R\u00e9ponse-Ass-Prop-Chaumi\u00e8res-de-Bri\u00e8reodt-1.pdf\">Courrier r\u00e9ponse APCB <\/a><a href=\"http:\/\/apcbriere.fr\/wp-content\/uploads\/2020\/03\/20-03-01-R\u00e9ponse-Ass-Prop-Chaumi\u00e8res-de-Bri\u00e8reodt-1.pdf\" target=\"_blank\" rel=\"noopener noreferrer\"><strong>Saint Nazaire,<\/strong> Solidaire et \u00c9cologiste<\/a><\/li>\n<\/ul>\n<p><img loading=\"lazy\" decoding=\"async\" class=\"\" src=\"https:\/\/www.saint-andre-des-eaux.fr\/visuels\/public\/logo-saint-andre-des-eaux.png\" width=\"136\" height=\"77\" \/><\/p>\n<ul>\n<li><a href=\"http:\/\/apcbriere.fr\/wp-content\/uploads\/2020\/02\/saint-andre-engag\u00e9s-et-responsables.pdf\" target=\"_blank\" rel=\"noopener noreferrer\">Courrier r\u00e9ponse APCB\u00a0 <strong>Saint-Andr\u00e9<\/strong>, engag\u00e9s et responsables<\/a><\/li>\n<li><a href=\"http:\/\/apcbriere.fr\/wp-content\/uploads\/2020\/03\/une-autre-voie-pour-st-andre-des-eaux.pdf\" target=\"_blank\" rel=\"noopener noreferrer\">Courrier r\u00e9ponse APCB Une autre voie pour <strong>Saint-Andr\u00e9<\/strong><\/a><\/li>\n<\/ul>\n<p><img loading=\"lazy\" decoding=\"async\" class=\"\" src=\"https:\/\/lachapelledesmarais.fr\/visuels\/public\/2016-logo-2.png\" width=\"169\" height=\"51\" \/><\/p>\n<ul>\n<li><a href=\"http:\/\/apcbriere.fr\/wp-content\/uploads\/2020\/02\/R\u00e9ponse-au-questionnaire-F-Hervy-La-Chapelle-des-Marais.pdf\" target=\"_blank\" rel=\"noopener noreferrer\">Courrier r\u00e9ponse APCB F Hervy <strong>La Chapelle des Marais<\/strong><\/a><\/li>\n<\/ul>\n<p><img loading=\"lazy\" decoding=\"async\" class=\"alignnone  wp-image-1882\" src=\"http:\/\/apcbriere.fr\/wp-content\/uploads\/2020\/03\/logo-la-baule.jpg\" alt=\"\" width=\"187\" height=\"85\" \/><\/p>\n<ul>\n<li><a href=\"http:\/\/apcbriere.fr\/wp-content\/uploads\/2020\/03\/R\u00e9ponse-APCB-Engag\u00e9s-avec-vous-pour-la-baule-escoublac.pdf\" target=\"_blank\" rel=\"noopener noreferrer\">Courrier r\u00e9ponse APCB Engag\u00e9s avec vous pour <strong>La Baule-Escoublac<\/strong><\/a><\/li>\n<\/ul>\n","protected":false},"excerpt":{"rendered":"<p>Courrier de l&rsquo;APCB envoy\u00e9 aux candidats aux Elections Municipales de Mars 2020 Courrier r\u00e9ponse APCB Vivons Gu\u00e9rande Ecologique et Solidaire Courrier r\u00e9ponse APCB Gu\u00e9rande l&rsquo;Avenir en Presqu&rsquo;ile Courrier r\u00e9ponse APCB Un Nouveau Souffle pour Gu\u00e9rande Courrier r\u00e9ponse APCB Vivre St-Joachim,&hellip;&nbsp;<a href=\"https:\/\/apcbriere.fr\/index.php\/partenaires\/municipales-2020\/\" class=\"more-link\">Lire la suite<\/a><\/p>\n","protected":false},"author":1,"featured_media":0,"parent":1843,"menu_order":0,"comment_status":"closed","ping_status":"closed","template":"","meta":{"footnotes":""},"class_list":["post-1769","page","type-page","status-publish","hentry"],"_links":{"self":[{"href":"https:\/\/apcbriere.fr\/index.php\/wp-json\/wp\/v2\/pages\/1769","targetHints":{"allow":["GET"]}}],"collection":[{"href":"https:\/\/apcbriere.fr\/index.php\/wp-json\/wp\/v2\/pages"}],"about":[{"href":"https:\/\/apcbriere.fr\/index.php\/wp-json\/wp\/v2\/types\/page"}],"author":[{"embeddable":true,"href":"https:\/\/apcbriere.fr\/index.php\/wp-json\/wp\/v2\/users\/1"}],"replies":[{"embeddable":true,"href":"https:\/\/apcbriere.fr\/index.php\/wp-json\/wp\/v2\/comments?post=1769"}],"version-history":[{"count":42,"href":"https:\/\/apcbriere.fr\/index.php\/wp-json\/wp\/v2\/pages\/1769\/revisions"}],"predecessor-version":[{"id":2487,"href":"https:\/\/apcbriere.fr\/index.php\/wp-json\/wp\/v2\/pages\/1769\/revisions\/2487"}],"up":[{"embeddable":true,"href":"https:\/\/apcbriere.fr\/index.php\/wp-json\/wp\/v2\/pages\/1843"}],"wp:attachment":[{"href":"https:\/\/apcbriere.fr\/index.php\/wp-json\/wp\/v2\/media?parent=1769"}],"curies":[{"name":"wp","href":"https:\/\/api.w.org\/{rel}","templated":true}]}}