{"id":165,"date":"2018-08-07T16:50:45","date_gmt":"2018-08-07T14:50:45","guid":{"rendered":"http:\/\/apcbriere.fr\/?page_id=165"},"modified":"2025-06-23T13:59:10","modified_gmt":"2025-06-23T11:59:10","slug":"les-adresses-utiles","status":"publish","type":"page","link":"https:\/\/apcbriere.fr\/index.php\/les-adresses-utiles\/","title":{"rendered":"Adresses utiles"},"content":{"rendered":"<blockquote><p><span class=\"item-titre\">Liste des artisans du chaume du Parc naturel r\u00e9gional de Bri\u00e8re (Maj : Mars 2025)<\/span><\/p>\n<p><a href=\"https:\/\/apcbriere.fr\/wp-content\/uploads\/2025\/06\/250311_liste-des-artisans_chaumiers.pdf\" target=\"_blank\" rel=\"noopener\"><span style=\"color: #000080;\">Liste_chaumiers 2025<\/span><\/a><\/p><\/blockquote>\n<blockquote><p>Le site de l\u2019association Hollandaise des chaumiers<strong><br \/>\n<\/strong><span style=\"color: #000080;\"><a style=\"color: #000080;\" href=\"https:\/\/translate.google.com\/translate?hl=fr&amp;sl=nl&amp;u=https:\/\/www.riet.com\/&amp;prev=search\" target=\"_blank\" rel=\"noopener noreferrer\">Traduction en fran\u00e7ais du site Hollandais<\/a><\/span><\/p>\n<p>Le site de la f\u00e9d\u00e9ration Allemande des chaumiers<br \/>\n<span style=\"color: #000080;\"><a style=\"color: #000080;\" href=\"https:\/\/translate.google.com\/translate?hl=fr&amp;sl=de&amp;tl=fr&amp;u=https%3A%2F%2Fwww.qualitaetssicherung-reet.de%2F\" target=\"_blank\" rel=\"noopener noreferrer\">Traduction en fran\u00e7ais du site Allemand<\/a><\/span><\/p><\/blockquote>\n<blockquote><p>Le site du Parc Naturel R\u00e9gional de Bri\u00e8re sur lequel vous trouverez :<\/p>\n<p><span style=\"color: #000080;\"><a style=\"color: #000080;\" href=\"https:\/\/www.parc-naturel-briere.com\/les-patrimoines\/focus\/\" target=\"_blank\" rel=\"noopener\">Les Chaumi\u00e8res de Bri\u00e8re<\/a><\/span><\/p><\/blockquote>\n<blockquote><p>Le site de Association Nationale des Couvreurs Chaumiers<\/p>\n<p><span style=\"color: #000080;\"><a style=\"color: #000080;\" href=\"https:\/\/www.facebook.com\/groups\/809260630447106\/\" target=\"_blank\" rel=\"noopener\">Facebook ANCC<\/a><\/span><br \/>\n<span style=\"color: #000080;\"><a style=\"color: #000080;\" href=\"http:\/\/www.chaumiers.com\" target=\"_blank\" rel=\"noopener noreferrer\">www.chaumiers.com<\/a><\/span><\/p><\/blockquote>\n<blockquote><p><span style=\"font-size: revert; color: initial;\">Chaume sans fronti\u00e8re<br \/>\n<\/span><a style=\"color: #000080;\" href=\"http:\/\/www.chaume-sans-frontiere.com\" target=\"_blank\" rel=\"noopener noreferrer\">www.chaume-sans-frontiere.com<\/a><\/p><\/blockquote>\n<blockquote><p>Toiture pro<br \/>\n<span style=\"color: #000080;\"><a style=\"color: #000080;\" href=\"http:\/\/www.toiture.pro\" target=\"_blank\" rel=\"noopener noreferrer\">www.toiture.pro<\/a><\/span><\/p><\/blockquote>\n<blockquote><p>Fondation du patrimoine<br \/>\n<span style=\"color: #000080;\"><a style=\"color: #000080;\" href=\"https:\/\/www.fondation-patrimoine.org\" target=\"_blank\" rel=\"noopener noreferrer\">https:\/\/www.fondation-patrimoine.org<\/a><\/span><\/p><\/blockquote>\n<p><img loading=\"lazy\" decoding=\"async\" class=\"size-full wp-image-89 alignright\" src=\"http:\/\/apcbriere.fr\/wp-content\/uploads\/2018\/06\/logo.jpg\" alt=\"\" width=\"200\" height=\"167\" \/><\/p>\n","protected":false},"excerpt":{"rendered":"<p>Liste des artisans du chaume du Parc naturel r\u00e9gional de Bri\u00e8re (Maj : Mars 2025) Liste_chaumiers 2025 Le site de l\u2019association Hollandaise des chaumiers Traduction en fran\u00e7ais du site Hollandais Le site de la f\u00e9d\u00e9ration Allemande des chaumiers Traduction en&hellip;&nbsp;<a href=\"https:\/\/apcbriere.fr\/index.php\/les-adresses-utiles\/\" class=\"more-link\">Lire la suite<\/a><\/p>\n","protected":false},"author":1,"featured_media":0,"parent":0,"menu_order":0,"comment_status":"closed","ping_status":"closed","template":"","meta":{"footnotes":""},"class_list":["post-165","page","type-page","status-publish","hentry"],"_links":{"self":[{"href":"https:\/\/apcbriere.fr\/index.php\/wp-json\/wp\/v2\/pages\/165","targetHints":{"allow":["GET"]}}],"collection":[{"href":"https:\/\/apcbriere.fr\/index.php\/wp-json\/wp\/v2\/pages"}],"about":[{"href":"https:\/\/apcbriere.fr\/index.php\/wp-json\/wp\/v2\/types\/page"}],"author":[{"embeddable":true,"href":"https:\/\/apcbriere.fr\/index.php\/wp-json\/wp\/v2\/users\/1"}],"replies":[{"embeddable":true,"href":"https:\/\/apcbriere.fr\/index.php\/wp-json\/wp\/v2\/comments?post=165"}],"version-history":[{"count":76,"href":"https:\/\/apcbriere.fr\/index.php\/wp-json\/wp\/v2\/pages\/165\/revisions"}],"predecessor-version":[{"id":4672,"href":"https:\/\/apcbriere.fr\/index.php\/wp-json\/wp\/v2\/pages\/165\/revisions\/4672"}],"wp:attachment":[{"href":"https:\/\/apcbriere.fr\/index.php\/wp-json\/wp\/v2\/media?parent=165"}],"curies":[{"name":"wp","href":"https:\/\/api.w.org\/{rel}","templated":true}]}}