{"id":10,"date":"2018-06-24T15:17:47","date_gmt":"2018-06-24T13:17:47","guid":{"rendered":"http:\/\/apcbriere.fr\/?page_id=10"},"modified":"2026-05-01T08:26:34","modified_gmt":"2026-05-01T06:26:34","slug":"10-2","status":"publish","type":"page","link":"https:\/\/apcbriere.fr\/","title":{"rendered":"Accueil"},"content":{"rendered":"\n<!--<marquee><em><h3 strong=\"\"><span style=\"color:#000080\"> Nous avons chang\u00e9 le mot de passe adh\u00e9rents , Pensez \u00e0 renouveler votre adh\u00e9sion pour 2026 ! <\/span><\/h3><\/em><\/marquee>-->\n\n\n<div class=\"entry-content\">\n<h3 style=\"text-align: center;\"><span style=\"color: #003366;\"><strong><em>Assembl\u00e9e G\u00e9n\u00e9rale de l\u2019APCBri\u00e8re <br \/><\/em><\/strong><strong><em>Le vendredi 10 octobre 2025 18h<br \/>Complexe des Coulines \u00e0 Saint-Lyphard<\/em><\/strong><\/span><\/h3>\n<h3 style=\"text-align: center;\"><span style=\"color: #993300;\"><em><span style=\"color: #993300;\"><a style=\"color: #993300;\" href=\"http:\/\/apcbriere.fr\/index.php\/adhesion\/\" target=\"_blank\" rel=\"noopener noreferrer\">Pour adh\u00e9rer ou renouveler votre adh\u00e9sion, cliquer ici<\/a> <\/span><br \/><\/em><\/span><\/h3>\n<h3 style=\"text-align: center;\"><a href=\"https:\/\/apcbriere.fr\/index.php\/documentation\/lettre-aux-adherents\/\" target=\"_blank\" rel=\"noopener\"><span style=\"color: #008000;\"><em>La lettre aux adh\u00e9rents N\u00b023\u00a0 avril 2026, cliquer ici<\/em><\/span><\/a><\/h3>\n<h3 style=\"text-align: center;\">\u00a0<\/h3>\n<header class=\"article-header\">\n<h1 class=\"article-title\" style=\"text-align: center;\">Mise en place d\u2019un dispositif d\u2019aides aux propri\u00e9taires de chaumi\u00e8res, <span style=\"color: #ff6600;\"><a style=\"color: #ff6600;\" href=\"https:\/\/apcbriere.fr\/index.php\/documentation\/adherents-_-aides-subventions\/\" target=\"_blank\" rel=\"noopener\">cliquer ici<\/a><\/span><\/h1>\n<\/header>\n<div class=\"article-content\">\n<p style=\"text-align: center;\"><strong>Pour d\u00e9poser votre demande d\u2019aide, contacter le service Habitat de la communaut\u00e9 d\u2019agglom\u00e9ration : <br \/>Saint-Nazaire Agglo : Service Am\u00e9lioration de l\u2019Habitat 02 51 76 10 00 puis choix 2<br \/><\/strong><strong>Cap Atlantique : Service Cap Info Habitat 02 51 75 77 95 puis choix 2<\/strong>.<\/p>\n<p style=\"text-align: center;\"><strong><span style=\"color: #000080;\">Le diagnostic gratuit pour d\u00e9gradation pr\u00e9matur\u00e9e est de nouveau possible depuis fin octobre 2025, prenez contact avec Saint-Nazaire Agglo ou CAP ATLANTIQUE pour en faire la demande<\/span><\/strong><\/p>\n<p><a href=\"https:\/\/apcbriere.fr\/wp-content\/uploads\/2024\/02\/Aide_Chaume_V9_HQ.pdf\" target=\"_blank\" rel=\"noopener\"><img loading=\"lazy\" decoding=\"async\" class=\"size-medium wp-image-3744 aligncenter\" src=\"https:\/\/apcbriere.fr\/wp-content\/uploads\/2023\/01\/aide-renov-chaume-200x300.jpg\" sizes=\"auto, (max-width: 200px) 100vw, 200px\" srcset=\"https:\/\/apcbriere.fr\/wp-content\/uploads\/2023\/01\/aide-renov-chaume-200x300.jpg 200w, https:\/\/apcbriere.fr\/wp-content\/uploads\/2023\/01\/aide-renov-chaume-180x270.jpg 180w, https:\/\/apcbriere.fr\/wp-content\/uploads\/2023\/01\/aide-renov-chaume.jpg 351w\" alt=\"\" width=\"200\" height=\"300\" \/><\/a><\/p>\n<\/div>\n<p style=\"text-align: left;\">Ouverte \u00e0 tous les propri\u00e9taires de chaumi\u00e8res en Bri\u00e8re, l\u2019<strong>Association des Propri\u00e9taires de Chaumi\u00e8res en Bri\u00e8re ( APCBri\u00e8re )<\/strong> a pour vocation de cr\u00e9er une synergie d\u2019id\u00e9es et de moyens entre les adh\u00e9rents, pour faire face \u00e0 la d\u00e9gradation pr\u00e9matur\u00e9e, anormale et inqui\u00e9tante des toits de chaume,\u00a0 par des champignons et des cyanobact\u00e9ries.<\/p>\n<p>Ce r\u00e9seau se veut simple et performant pour coordonner l\u2019action, la pr\u00e9vention et l\u2019\u00e9change avec les instances officielles du Parc Naturel R\u00e9gional de Bri\u00e8re, les pouvoirs publics, semi-publics et priv\u00e9s, de la Presqu\u2019\u00eele et de la R\u00e9gion ainsi qu\u2019avec les professionnels concern\u00e9s, afin de trouver des solutions rapides et efficaces pour l\u2019ensemble des chaumi\u00e8res d\u00e9j\u00e0 touch\u00e9es et celles dont le risque majeur est celui d\u2019\u00eatre contamin\u00e9es.<\/p>\n<p>En coordination avec d\u2019autres associations constitu\u00e9es au sein du Parc et qui partagent les m\u00eames pr\u00e9occupations, l\u2019Association des Propri\u00e9taires de Chaumi\u00e8res en Bri\u00e8re souhaite multiplier les \u00e9changes et exiger des r\u00e9ponses claires et engag\u00e9es des diff\u00e9rents responsables et acteurs concern\u00e9s par l\u2019habitat en toit de chaume.<\/p>\n<p>L\u2019association des Propri\u00e9taires de Chaumi\u00e8res en Bri\u00e8re est n\u00e9e du constat alarmant de la d\u00e9gradation anormale du chaume en Bri\u00e8re depuis plusieurs ann\u00e9es, elle compte actuellement 300 adh\u00e9rents.<\/p>\n<\/div>\n<p style=\"text-align: center;\"><strong>Membres du Conseil d\u2019administration de l\u2019APCBri\u00e8re ( 20 membres )<br \/><\/strong><\/p>\n<p align=\"center\"><strong>Albaret Eric<\/strong><\/p>\n<p style=\"text-align: center;\" align=\"center\"><strong>Albert Jean-Charles<\/strong> <br \/>( Co-Pr\u00e9sident &#8211; R\u00e9f\u00e9rent Comit\u00e9 de lecture Lettre aux adh\u00e9rents <br \/>P\u00f4le strat\u00e9gie de communication &#8211; P\u00f4le technique chaume, produits, qualit\u00e9)<\/p>\n<p align=\"center\"><strong>Amblard Jean-Pierre<\/strong><\/p>\n<p style=\"text-align: center;\" align=\"center\"><strong>Aoustin Jean-Fran\u00e7ois<\/strong> <br \/>( Co-Pr\u00e9sident &#8211; Secr\u00e9taire &#8211; Comit\u00e9 de lecture Lettre aux adh\u00e9rents <br \/>P\u00f4le technique chaume, produits, qualit\u00e9 )<\/p>\n<p align=\"center\"><strong>Blomme Bernard<\/strong>\u00a0 <br \/>( P\u00f4le strat\u00e9gie de communication )<\/p>\n<p align=\"center\"><strong>Brillaud de la Laujardi\u00e8re Pierre<\/strong><\/p>\n<p align=\"center\">( P\u00f4le technique chaume, produits, qualit\u00e9 )<\/p>\n<p align=\"center\"><strong>Cadi Jean-Claude<\/strong><\/p>\n<p align=\"center\">( P\u00f4le strat\u00e9gie de communication\u00a0 )<\/p>\n<p style=\"text-align: center;\" align=\"center\"><strong>Corbill\u00e9 Michelle\/Gilbert<\/strong><\/p>\n<p align=\"center\">( P\u00f4le Assurance\/Juridique )<\/p>\n<p style=\"text-align: center;\" align=\"center\"><strong>Debuire Christine<\/strong><\/p>\n<p align=\"center\"><strong>Delalande Herv\u00e9<\/strong><\/p>\n<p align=\"center\"><strong>Demaille Jean Fran\u00e7ois<\/strong> <br \/>( P\u00f4le Assurance\/Juridique )<\/p>\n<p align=\"center\"><strong>De Waroquier Fran\u00e7ois<\/strong> <br \/>( P\u00f4le Assurance\/Juridique )<\/p>\n<p style=\"text-align: center;\" align=\"center\"><strong>Eyzac Danielle<\/strong> <br \/>(\u00a0 Comit\u00e9 de lecture Lettre aux adh\u00e9rents )<\/p>\n<p align=\"center\"><strong>Gaudry Alain<\/strong><\/p>\n<p align=\"center\">( P\u00f4le Assurance\/Juridique )<\/p>\n<p align=\"center\"><strong>Legentil Herv\u00e9<\/strong>\u00a0<\/p>\n<p align=\"center\"><strong>Olivier C\u00e9cile<\/strong><\/p>\n<p style=\"text-align: center;\" align=\"center\"><strong>Renoux Philippe<\/strong> <br \/>( Co-Pr\u00e9sident &#8211; Webmaster\u00a0 &#8211; P\u00f4le strat\u00e9gie de communication )<\/p>\n<p align=\"center\"><strong>R\u00e9ot Gilles<\/strong><\/p>\n<p align=\"center\">( P\u00f4le Assurance\/Juridique )<\/p>\n<p align=\"center\"><strong>Roulin Jean-Louis<\/strong><\/p>\n<p align=\"center\">( P\u00f4le technique chaume, produits, qualit\u00e9 )<\/p>\n<p style=\"text-align: center;\" align=\"center\"><strong>Ruet Pierre\u00a0<\/strong> <br \/>( Tr\u00e9sorier &#8211; Comit\u00e9 de lecture Lettre aux adh\u00e9rents <br \/>R\u00e9f\u00e9rent P\u00f4le technique chaume, produits, qualit\u00e9 &#8211; P\u00f4le strat\u00e9gie de communication )<\/p>\n<p style=\"text-align: center;\"><img loading=\"lazy\" decoding=\"async\" class=\"alignnone wp-image-89 size-full\" src=\"https:\/\/apcbriere.fr\/wp-content\/uploads\/2018\/06\/logo.jpg\" alt=\"\" width=\"200\" height=\"167\" \/><\/p>\n\n\n<p class=\"has-text-align-center\"><a href=\"http:\/\/apcbriere.fr\/wp-content\/uploads\/2019\/04\/POLITIQUE-GENERALE-CONCERNANT-LA-PROTECTION-DES-DONNEES-PERSONNELLES-DES-ADHERENTS-DE-L.pdf\" target=\"_blank\" rel=\"noreferrer noopener\">Politique g\u00e9n\u00e9rale concernant la protection des donn\u00e9es personnelles des adh\u00e9rents<\/a><\/p>\n","protected":false},"excerpt":{"rendered":"<p>Assembl\u00e9e G\u00e9n\u00e9rale de l\u2019APCBri\u00e8re Le vendredi 10 octobre 2025 18hComplexe des Coulines \u00e0 Saint-Lyphard Pour adh\u00e9rer ou renouveler votre adh\u00e9sion, cliquer ici La lettre aux adh\u00e9rents N\u00b023\u00a0 avril 2026, cliquer ici \u00a0 Mise en place d\u2019un dispositif d\u2019aides aux propri\u00e9taires&hellip;&nbsp;<a href=\"https:\/\/apcbriere.fr\/\" class=\"more-link\">Lire la suite<\/a><\/p>\n","protected":false},"author":2,"featured_media":0,"parent":0,"menu_order":0,"comment_status":"closed","ping_status":"closed","template":"","meta":{"footnotes":""},"class_list":["post-10","page","type-page","status-publish","hentry"],"_links":{"self":[{"href":"https:\/\/apcbriere.fr\/index.php\/wp-json\/wp\/v2\/pages\/10","targetHints":{"allow":["GET"]}}],"collection":[{"href":"https:\/\/apcbriere.fr\/index.php\/wp-json\/wp\/v2\/pages"}],"about":[{"href":"https:\/\/apcbriere.fr\/index.php\/wp-json\/wp\/v2\/types\/page"}],"author":[{"embeddable":true,"href":"https:\/\/apcbriere.fr\/index.php\/wp-json\/wp\/v2\/users\/2"}],"replies":[{"embeddable":true,"href":"https:\/\/apcbriere.fr\/index.php\/wp-json\/wp\/v2\/comments?post=10"}],"version-history":[{"count":227,"href":"https:\/\/apcbriere.fr\/index.php\/wp-json\/wp\/v2\/pages\/10\/revisions"}],"predecessor-version":[{"id":4877,"href":"https:\/\/apcbriere.fr\/index.php\/wp-json\/wp\/v2\/pages\/10\/revisions\/4877"}],"wp:attachment":[{"href":"https:\/\/apcbriere.fr\/index.php\/wp-json\/wp\/v2\/media?parent=10"}],"curies":[{"name":"wp","href":"https:\/\/api.w.org\/{rel}","templated":true}]}}